{"id":2,"date":"2017-04-07T11:36:29","date_gmt":"2017-04-07T09:36:29","guid":{"rendered":"http:\/\/www.dansmespochettes.com\/blog\/?page_id=2"},"modified":"2017-04-10T11:07:02","modified_gmt":"2017-04-10T09:07:02","slug":"propos","status":"publish","type":"page","link":"https:\/\/www.boutique-scrap.com\/blog\/propos\/","title":{"rendered":"A propos"},"content":{"rendered":"<p><a href=\"https:\/\/www.dansmespochettes.com\"><img decoding=\"async\" loading=\"lazy\" class=\"alignleft wp-image-57 size-medium\" src=\"http:\/\/www.dansmespochettes.com\/blog\/wp-content\/uploads\/2017\/04\/20170407_190420_edited-244x300.jpg\" alt=\"\" width=\"244\" height=\"300\" srcset=\"https:\/\/www.boutique-scrap.com\/blog\/wp-content\/uploads\/2017\/04\/20170407_190420_edited-244x300.jpg 244w, https:\/\/www.boutique-scrap.com\/blog\/wp-content\/uploads\/2017\/04\/20170407_190420_edited-768x944.jpg 768w, https:\/\/www.boutique-scrap.com\/blog\/wp-content\/uploads\/2017\/04\/20170407_190420_edited-833x1024.jpg 833w, https:\/\/www.boutique-scrap.com\/blog\/wp-content\/uploads\/2017\/04\/20170407_190420_edited.jpg 1295w\" sizes=\"(max-width: 244px) 100vw, 244px\" \/>Dans mes pochettes<\/a>\u00a0c&rsquo;est avant tout, <strong>Perrine, une maman de 2 petites filles, Capucine et Pauline<\/strong>, qui d\u00e9couvre le scrap en 2013. La pratique de ce loisir cr\u00e9atif, qui devient au fil du temps une vraie passion,\u00a0me pousse \u00e0 cr\u00e9er une boutique en ligne pour moi&#8230; apr\u00e8s avoir cr\u00e9\u00e9 pendant 10 ans des sites pour les entreprises.\u00a0Cette nouvelle activit\u00e9 professionnelle est une mani\u00e8re de m\u00ealer mes comp\u00e9tences en cr\u00e9ation web et le\u00a0scrapbooking qui grignote un peu plus chaque jour, des minutes\u00a0sur mon temps libre.<\/p>\n<p><strong>Je qualifie souvent mon scrap de clean<\/strong> &#8230; m\u00eame si j&rsquo;aime ajouter des t\u00e2ches d&rsquo;encre et des tamponnages. Dans tous les cas, je voue une v\u00e9ritable admiration pour les papiers imprim\u00e9s et les cartes de <strong>Project Life<\/strong>, qui m&rsquo;inspirent d&rsquo;ailleurs le lancement d&rsquo;une marque : <a href=\"https:\/\/www.pucine-poti.com\">Pucine &amp; Poti<\/a>.<\/p>\n<p>Pendant deux ans, la boutique fut priv\u00e9e d&rsquo;un blog et je privil\u00e9giais\u00a0les r\u00e9seaux sociaux.\u00a0Ce nouvel espace de partage sera pour moi un moyen de partager plus facilement, sans contrainte, les nouveaut\u00e9s de la boutique, les r\u00e9alisations de l&rsquo;\u00e9quipe cr\u00e9ative\u00a0et d&rsquo;autres contenus autour du <strong>scrapbooking<\/strong>.<\/p>\n<p>&nbsp;<\/p>\n","protected":false},"excerpt":{"rendered":"<p>Dans mes pochettes\u00a0c&rsquo;est avant tout, Perrine, une maman de 2 petites filles, Capucine et Pauline, qui d\u00e9couvre le scrap en 2013. La pratique de ce&#8230;<\/p>\n<div class=\"more-link-wrapper\"><a class=\"more-link\" href=\"https:\/\/www.boutique-scrap.com\/blog\/propos\/\">Lire la suite de cet article<span class=\"screen-reader-text\">A propos<\/span><\/a><\/div>\n","protected":false},"author":1,"featured_media":0,"parent":0,"menu_order":0,"comment_status":"closed","ping_status":"open","template":"","meta":[],"_links":{"self":[{"href":"https:\/\/www.boutique-scrap.com\/blog\/wp-json\/wp\/v2\/pages\/2"}],"collection":[{"href":"https:\/\/www.boutique-scrap.com\/blog\/wp-json\/wp\/v2\/pages"}],"about":[{"href":"https:\/\/www.boutique-scrap.com\/blog\/wp-json\/wp\/v2\/types\/page"}],"author":[{"embeddable":true,"href":"https:\/\/www.boutique-scrap.com\/blog\/wp-json\/wp\/v2\/users\/1"}],"replies":[{"embeddable":true,"href":"https:\/\/www.boutique-scrap.com\/blog\/wp-json\/wp\/v2\/comments?post=2"}],"version-history":[{"count":8,"href":"https:\/\/www.boutique-scrap.com\/blog\/wp-json\/wp\/v2\/pages\/2\/revisions"}],"predecessor-version":[{"id":61,"href":"https:\/\/www.boutique-scrap.com\/blog\/wp-json\/wp\/v2\/pages\/2\/revisions\/61"}],"wp:attachment":[{"href":"https:\/\/www.boutique-scrap.com\/blog\/wp-json\/wp\/v2\/media?parent=2"}],"curies":[{"name":"wp","href":"https:\/\/api.w.org\/{rel}","templated":true}]}}